{"id":1461,"date":"2025-05-05T18:26:45","date_gmt":"2025-05-05T17:26:45","guid":{"rendered":"https:\/\/futured.university\/?page_id=1461"},"modified":"2026-04-14T16:45:01","modified_gmt":"2026-04-14T15:45:01","slug":"program-womens-rugby-womens-rugby","status":"publish","type":"page","link":"https:\/\/futured.university\/es\/program-womens-rugby-womens-rugby\/","title":{"rendered":"WOMEN&#8217;S RUGBY"},"content":{"rendered":"<div data-elementor-type=\"wp-page\" data-elementor-id=\"1461\" class=\"elementor elementor-1461\">\n\t\t\t\t<div class=\"elementor-element elementor-element-c5f6d94 e-con-full e-flex e-con e-parent\" data-id=\"c5f6d94\" data-element_type=\"container\" data-e-type=\"container\">\n\t\t\t\t<div class=\"elementor-element elementor-element-678b311 elementor-widget elementor-widget-image\" data-id=\"678b311\" data-element_type=\"widget\" data-e-type=\"widget\" data-widget_type=\"image.default\">\n\t\t\t\t<div class=\"elementor-widget-container\">\n\t\t\t\t\t\t\t\t\t\t\t\t\t\t\t<img fetchpriority=\"high\" decoding=\"async\" width=\"640\" height=\"131\" src=\"https:\/\/futured.university\/wp-content\/uploads\/2025\/04\/cropped-Logos-en-Vectores-2025-19-e1776183725796-768x157.png\" class=\"attachment-medium_large size-medium_large wp-image-1180\" alt=\"\" srcset=\"https:\/\/futured.university\/wp-content\/uploads\/2025\/04\/cropped-Logos-en-Vectores-2025-19-e1776183725796-768x157.png 768w, https:\/\/futured.university\/wp-content\/uploads\/2025\/04\/cropped-Logos-en-Vectores-2025-19-e1776183725796-300x61.png 300w, https:\/\/futured.university\/wp-content\/uploads\/2025\/04\/cropped-Logos-en-Vectores-2025-19-e1776183725796-1024x210.png 1024w, https:\/\/futured.university\/wp-content\/uploads\/2025\/04\/cropped-Logos-en-Vectores-2025-19-e1776183725796-1536x315.png 1536w, https:\/\/futured.university\/wp-content\/uploads\/2025\/04\/cropped-Logos-en-Vectores-2025-19-e1776183725796-2048x419.png 2048w, https:\/\/futured.university\/wp-content\/uploads\/2025\/04\/cropped-Logos-en-Vectores-2025-19-e1776183725796-18x4.png 18w\" sizes=\"(max-width: 640px) 100vw, 640px\" \/>\t\t\t\t\t\t\t\t\t\t\t\t\t\t\t<\/div>\n\t\t\t\t<\/div>\n\t\t\t\t<\/div>\n\t\t<div class=\"elementor-element elementor-element-29829ef e-con-full e-flex e-con e-parent\" data-id=\"29829ef\" data-element_type=\"container\" data-e-type=\"container\" data-settings=\"{&quot;background_background&quot;:&quot;classic&quot;}\">\n\t\t<div class=\"elementor-element elementor-element-dd24658 e-con-full e-flex e-con e-child\" data-id=\"dd24658\" data-element_type=\"container\" data-e-type=\"container\">\n\t\t\t\t<div class=\"elementor-element elementor-element-c77d3a6 elementor-widget elementor-widget-ekit-nav-menu\" data-id=\"c77d3a6\" data-element_type=\"widget\" data-e-type=\"widget\" data-widget_type=\"ekit-nav-menu.default\">\n\t\t\t\t<div class=\"elementor-widget-container\">\n\t\t\t\t\t\t\t<nav class=\"ekit-wid-con ekit_menu_responsive_tablet\"\n\t\t\tdata-hamburger-icon=\"icon icon-menu-button-of-three-horizontal-lines\"\n\t\t\tdata-hamburger-icon-type=\"icon\"\n\t\t\tdata-responsive-breakpoint=\"1024\">\n\t\t\t            <button class=\"elementskit-menu-hamburger elementskit-menu-toggler\"  type=\"button\" aria-label=\"hamburger-icon\">\n                <i aria-hidden=\"true\" class=\"ekit-menu-icon icon icon-menu-button-of-three-horizontal-lines\"><\/i>            <\/button>\n            <div id=\"ekit-megamenu-primary-menu\" class=\"elementskit-menu-container elementskit-menu-offcanvas-elements elementskit-navbar-nav-default ekit-nav-menu-one-page-no ekit-nav-dropdown-hover\"><ul id=\"menu-primary-menu\" class=\"elementskit-navbar-nav elementskit-menu-po-center submenu-click-on-icon\"><li id=\"menu-item-87\" class=\"menu-item menu-item-type-post_type menu-item-object-page menu-item-home menu-item-87 nav-item elementskit-mobile-builder-content\" data-vertical-menu=\"750px\"><a href=\"https:\/\/futured.university\/es\/\" class=\"ekit-menu-nav-link\">HOME<\/a><\/li>\n<li id=\"menu-item-539\" class=\"menu-item menu-item-type-post_type menu-item-object-page menu-item-539 nav-item elementskit-mobile-builder-content\" data-vertical-menu=\"750px\"><a href=\"https:\/\/futured.university\/es\/for-individuals\/\" class=\"ekit-menu-nav-link\">PARA ESTUDIANTES &amp; PROFESIONALES<\/a><\/li>\n<li id=\"menu-item-538\" class=\"menu-item menu-item-type-post_type menu-item-object-page menu-item-538 nav-item elementskit-mobile-builder-content\" data-vertical-menu=\"750px\"><a href=\"https:\/\/futured.university\/es\/for-companies\/\" class=\"ekit-menu-nav-link\">PARA COMPA\u00d1\u00cdAS<\/a><\/li>\n<li id=\"menu-item-540\" class=\"menu-item menu-item-type-post_type menu-item-object-page menu-item-540 nav-item elementskit-mobile-builder-content\" data-vertical-menu=\"750px\"><a href=\"https:\/\/futured.university\/es\/for-universities\/\" class=\"ekit-menu-nav-link\">PARA UNIVERSIDADES<\/a><\/li>\n<li id=\"menu-item-541\" class=\"menu-item menu-item-type-post_type menu-item-object-page menu-item-541 nav-item elementskit-mobile-builder-content\" data-vertical-menu=\"750px\"><a href=\"https:\/\/futured.university\/es\/for-governments\/\" class=\"ekit-menu-nav-link\">PARA GOBIERNOS<\/a><\/li>\n<\/ul><div class=\"elementskit-nav-identity-panel\"><a class=\"elementskit-nav-logo\" href=\"https:\/\/futured.university\/es\" target=\"\" rel=\"\"><img src=\"http:\/\/futured.university\/wp-content\/uploads\/2025\/02\/cropped-Logo-FuturED-1.png\" title=\"Logo FuturED\" alt=\"Logo FuturED\" decoding=\"async\" \/><\/a><button class=\"elementskit-menu-close elementskit-menu-toggler\" type=\"button\">X<\/button><\/div><\/div>\n\t\t\t<div class=\"elementskit-menu-overlay elementskit-menu-offcanvas-elements elementskit-menu-toggler ekit-nav-menu--overlay\"><\/div>        <\/nav>\n\t\t\t\t\t\t<\/div>\n\t\t\t\t<\/div>\n\t\t<div class=\"elementor-element elementor-element-82c754f e-con-full e-flex e-con e-child\" data-id=\"82c754f\" data-element_type=\"container\" data-e-type=\"container\">\n\t\t\t\t<div class=\"elementor-element elementor-element-3f3e379 eael_simple_menu_hamburger_disable_selected_menu_no eael-simple-menu-hamburger-align-right eael-hamburger--tablet elementor-widget elementor-widget-eael-simple-menu\" data-id=\"3f3e379\" data-element_type=\"widget\" data-e-type=\"widget\" data-widget_type=\"eael-simple-menu.default\">\n\t\t\t\t<div class=\"elementor-widget-container\">\n\t\t\t\t\t<style>\n                        @media screen and (max-width: 1024px) {\n                            .eael-hamburger--tablet {\n                                .eael-simple-menu-horizontal,\n                                .eael-simple-menu-vertical {\n                                    display: none;\n                                }\n                            }\n                            .eael-hamburger--tablet {\n                                .eael-simple-menu-container .eael-simple-menu-toggle {\n                                    display: block;\n                                }\n                            }\n                        }\n                    <\/style>            <div data-hamburger-icon=\"&lt;svg aria-hidden=&quot;true&quot; class=&quot;e-font-icon-svg e-fas-bars&quot; viewBox=&quot;0 0 448 512&quot; xmlns=&quot;http:\/\/www.w3.org\/2000\/svg&quot;&gt;&lt;path d=&quot;M16 132h416c8.837 0 16-7.163 16-16V76c0-8.837-7.163-16-16-16H16C7.163 60 0 67.163 0 76v40c0 8.837 7.163 16 16 16zm0 160h416c8.837 0 16-7.163 16-16v-40c0-8.837-7.163-16-16-16H16c-8.837 0-16 7.163-16 16v40c0 8.837 7.163 16 16 16zm0 160h416c8.837 0 16-7.163 16-16v-40c0-8.837-7.163-16-16-16H16c-8.837 0-16 7.163-16 16v40c0 8.837 7.163 16 16 16z&quot;&gt;&lt;\/path&gt;&lt;\/svg&gt;\" data-indicator-icon=\"&lt;svg aria-hidden=&quot;true&quot; class=&quot;e-font-icon-svg e-fas-angle-down&quot; viewBox=&quot;0 0 320 512&quot; xmlns=&quot;http:\/\/www.w3.org\/2000\/svg&quot;&gt;&lt;path d=&quot;M143 352.3L7 216.3c-9.4-9.4-9.4-24.6 0-33.9l22.6-22.6c9.4-9.4 24.6-9.4 33.9 0l96.4 96.4 96.4-96.4c9.4-9.4 24.6-9.4 33.9 0l22.6 22.6c9.4 9.4 9.4 24.6 0 33.9l-136 136c-9.2 9.4-24.4 9.4-33.8 0z&quot;&gt;&lt;\/path&gt;&lt;\/svg&gt;\" data-dropdown-indicator-icon=\"&lt;svg class=&quot;e-font-icon-svg e-fas-angle-down&quot; viewBox=&quot;0 0 320 512&quot; xmlns=&quot;http:\/\/www.w3.org\/2000\/svg&quot;&gt;&lt;path d=&quot;M143 352.3L7 216.3c-9.4-9.4-9.4-24.6 0-33.9l22.6-22.6c9.4-9.4 24.6-9.4 33.9 0l96.4 96.4 96.4-96.4c9.4-9.4 24.6-9.4 33.9 0l22.6 22.6c9.4 9.4 9.4 24.6 0 33.9l-136 136c-9.2 9.4-24.4 9.4-33.8 0z&quot;&gt;&lt;\/path&gt;&lt;\/svg&gt;\" class=\"eael-simple-menu-container eael-simple-menu-align-left eael-simple-menu-dropdown-align-left preset-1\" data-hamburger-breakpoints=\"{&quot;mobile&quot;:&quot;M\\u00f3vil vertical (&gt; 767px)&quot;,&quot;tablet&quot;:&quot;Tableta vertical (&gt; 1024px)&quot;,&quot;desktop&quot;:&quot;Escritorio (&gt; 2400px)&quot;,&quot;none&quot;:&quot;Ninguno&quot;}\" data-hamburger-device=\"tablet\">\n                <ul id=\"menu-rugby\" class=\"eael-simple-menu eael-simple-menu-dropdown-animate-to-top eael-simple-menu-indicator eael-simple-menu-horizontal\"><li id=\"menu-item-1474\" class=\"menu-item menu-item-type-post_type menu-item-object-page menu-item-1474\"><a href=\"https:\/\/futured.university\/es\/program-womens-rugby\/\">SOBRE EL PROGRAMA<\/a><\/li>\n<li id=\"menu-item-1473\" class=\"menu-item menu-item-type-post_type menu-item-object-page menu-item-1473\"><a href=\"https:\/\/futured.university\/es\/program-womens-rugby-womens-rugby\/\">RUGBY FEMENINO<\/a><\/li>\n<li id=\"menu-item-1495\" class=\"menu-item menu-item-type-post_type menu-item-object-page menu-item-1495\"><a href=\"https:\/\/futured.university\/es\/program-womens-rugby-teams\/\">EQUIPOS<\/a><\/li>\n<li id=\"menu-item-1524\" class=\"menu-item menu-item-type-post_type menu-item-object-page menu-item-1524\"><a href=\"https:\/\/futured.university\/es\/program-womens-rugby-news-press\/\">NOTICIAS Y PRENSA<\/a><\/li>\n<li id=\"menu-item-3545\" class=\"menu-item menu-item-type-post_type menu-item-object-page menu-item-3545\"><a href=\"https:\/\/futured.university\/es\/support-trainings\/\">CAPACITACIONES DE APOYO<\/a><\/li>\n<\/ul>                <button class=\"eael-simple-menu-toggle\">\n                    <span class=\"sr-only\">Men\u00fa conmutador hamburguesa<\/span>\n                    <svg aria-hidden=\"true\" class=\"e-font-icon-svg e-fas-bars\" viewbox=\"0 0 448 512\" xmlns=\"http:\/\/www.w3.org\/2000\/svg\"><path d=\"M16 132h416c8.837 0 16-7.163 16-16V76c0-8.837-7.163-16-16-16H16C7.163 60 0 67.163 0 76v40c0 8.837 7.163 16 16 16zm0 160h416c8.837 0 16-7.163 16-16v-40c0-8.837-7.163-16-16-16H16c-8.837 0-16 7.163-16 16v40c0 8.837 7.163 16 16 16zm0 160h416c8.837 0 16-7.163 16-16v-40c0-8.837-7.163-16-16-16H16c-8.837 0-16 7.163-16 16v40c0 8.837 7.163 16 16 16z\"><\/path><\/svg>                <\/button>\n            <\/div>\n            \t\t\t\t<\/div>\n\t\t\t\t<\/div>\n\t\t\t\t<\/div>\n\t\t\t\t<\/div>\n\t\t<div class=\"elementor-element elementor-element-424714b e-con-full e-flex e-con e-child\" data-id=\"424714b\" data-element_type=\"container\" data-e-type=\"container\">\n\t\t\t\t<div class=\"elementor-element elementor-element-3862a57 elementor-align-left elementor-widget elementor-widget-button\" data-id=\"3862a57\" data-element_type=\"widget\" data-e-type=\"widget\" data-widget_type=\"button.default\">\n\t\t\t\t<div class=\"elementor-widget-container\">\n\t\t\t\t\t\t\t\t\t<div class=\"elementor-button-wrapper\">\n\t\t\t\t\t<a class=\"elementor-button elementor-button-link elementor-size-sm\" href=\"mailto:info@futured.org.uk\">\n\t\t\t\t\t\t<span class=\"elementor-button-content-wrapper\">\n\t\t\t\t\t\t\t\t\t<span class=\"elementor-button-text\">CONT\u00c1CTANOS<\/span>\n\t\t\t\t\t<\/span>\n\t\t\t\t\t<\/a>\n\t\t\t\t<\/div>\n\t\t\t\t\t\t\t\t<\/div>\n\t\t\t\t<\/div>\n\t\t\t\t<\/div>\n\t\t\t\t<\/div>\n\t\t<div class=\"elementor-element elementor-element-80e035f e-flex e-con-boxed e-con e-parent\" data-id=\"80e035f\" data-element_type=\"container\" data-e-type=\"container\" data-settings=\"{&quot;background_background&quot;:&quot;classic&quot;}\">\n\t\t\t\t\t<div class=\"e-con-inner\">\n\t\t<div class=\"elementor-element elementor-element-8a329ff e-con-full e-flex e-con e-child\" data-id=\"8a329ff\" data-element_type=\"container\" data-e-type=\"container\">\n\t\t\t\t<\/div>\n\t\t\t\t\t<\/div>\n\t\t\t\t<\/div>\n\t\t<div class=\"elementor-element elementor-element-b584e4a e-flex e-con-boxed e-con e-parent\" data-id=\"b584e4a\" data-element_type=\"container\" data-e-type=\"container\">\n\t\t\t\t\t<div class=\"e-con-inner\">\n\t\t<div class=\"elementor-element elementor-element-9dc5736 e-con-full e-flex e-con e-child\" data-id=\"9dc5736\" data-element_type=\"container\" data-e-type=\"container\">\n\t\t<div class=\"elementor-element elementor-element-b92cbf7 e-con-full e-flex e-con e-child\" data-id=\"b92cbf7\" data-element_type=\"container\" data-e-type=\"container\">\n\t\t\t\t<div class=\"elementor-element elementor-element-e104458 elementor-widget elementor-widget-image\" data-id=\"e104458\" data-element_type=\"widget\" data-e-type=\"widget\" data-widget_type=\"image.default\">\n\t\t\t\t<div class=\"elementor-widget-container\">\n\t\t\t\t\t\t\t\t\t\t\t\t\t\t\t<img decoding=\"async\" width=\"1707\" height=\"2560\" src=\"https:\/\/futured.university\/wp-content\/uploads\/2025\/05\/CHA-ROGA-PH-Alejandro-Giovino-11-scaled.jpg\" class=\"attachment-full size-full wp-image-1463\" alt=\"\" srcset=\"https:\/\/futured.university\/wp-content\/uploads\/2025\/05\/CHA-ROGA-PH-Alejandro-Giovino-11-scaled.jpg 1707w, https:\/\/futured.university\/wp-content\/uploads\/2025\/05\/CHA-ROGA-PH-Alejandro-Giovino-11-200x300.jpg 200w, https:\/\/futured.university\/wp-content\/uploads\/2025\/05\/CHA-ROGA-PH-Alejandro-Giovino-11-683x1024.jpg 683w, https:\/\/futured.university\/wp-content\/uploads\/2025\/05\/CHA-ROGA-PH-Alejandro-Giovino-11-768x1152.jpg 768w, https:\/\/futured.university\/wp-content\/uploads\/2025\/05\/CHA-ROGA-PH-Alejandro-Giovino-11-1024x1536.jpg 1024w, https:\/\/futured.university\/wp-content\/uploads\/2025\/05\/CHA-ROGA-PH-Alejandro-Giovino-11-1365x2048.jpg 1365w, https:\/\/futured.university\/wp-content\/uploads\/2025\/05\/CHA-ROGA-PH-Alejandro-Giovino-11-8x12.jpg 8w\" sizes=\"(max-width: 1707px) 100vw, 1707px\" \/>\t\t\t\t\t\t\t\t\t\t\t\t\t\t\t<\/div>\n\t\t\t\t<\/div>\n\t\t\t\t<\/div>\n\t\t<div class=\"elementor-element elementor-element-07b6d0b e-con-full e-flex e-con e-child\" data-id=\"07b6d0b\" data-element_type=\"container\" data-e-type=\"container\">\n\t\t<div class=\"elementor-element elementor-element-286a37f e-con-full e-flex e-con e-child\" data-id=\"286a37f\" data-element_type=\"container\" data-e-type=\"container\" data-settings=\"{&quot;background_background&quot;:&quot;classic&quot;}\">\n\t\t\t\t<div class=\"elementor-element elementor-element-c8fc696 elementor-widget__width-initial elementor-widget elementor-widget-text-editor\" data-id=\"c8fc696\" data-element_type=\"widget\" data-e-type=\"widget\" data-widget_type=\"text-editor.default\">\n\t\t\t\t<div class=\"elementor-widget-container\">\n\t\t\t\t\t\t\t\t\t<p>INTRODUCCI\u00d3N AL RUGBY FEMENINO<\/p>\t\t\t\t\t\t\t\t<\/div>\n\t\t\t\t<\/div>\n\t\t\t\t<div class=\"elementor-element elementor-element-da045e7 elementor-widget__width-initial elementor-widget elementor-widget-text-editor\" data-id=\"da045e7\" data-element_type=\"widget\" data-e-type=\"widget\" data-widget_type=\"text-editor.default\">\n\t\t\t\t<div class=\"elementor-widget-container\">\n\t\t\t\t\t\t\t\t\t<p>En el rugby femenino, seg\u00fan el \u00faltimo relevamiento del \u00e1rea de Desarrollo y Competencia de la <a href=\"https:\/\/uar.com.ar\/\" target=\"_blank\" rel=\"noopener\">Uni\u00f3n Argentina de Rugby<\/a> (UAR), la cantidad de mujeres en este deporte creci\u00f3 un 121% en los \u00faltimos cinco a\u00f1os.<\/p><p>Actualmente, unas 6.084 chicas practican rugby en el pa\u00eds, de las cuales 5.142 est\u00e1n en edad competitiva, a partir de los 15 a\u00f1os (por ejemplo, el rugby masculino en Argentina cuenta con 130.000 jugadores).<\/p><p>El reglamento de la UAR sobre categor\u00edas infantiles estipula que ni\u00f1as y ni\u00f1os pueden jugar juntos en un equipo de rugby, hasta la categor\u00eda M13 (menores de 13 a\u00f1os) inclusive.<\/p><p>En las divisiones mayores, no hay normas obligatorias para que los clubes promuevan el rugby femenino. No tiene el desarrollo del rugby masculino, y las mujeres siguen teniendo que recorrer largas distancias para jugar un partido, disputan partidos cada 15 d\u00edas y juegan al sevens (con siete jugadoras por bando) durante todo el a\u00f1o. El equipo masculino juega todos los fines de semana y en equipos de 15 jugadores.<\/p><p>El n\u00famero de jugadoras, por categor\u00edas, es el siguiente<\/p><p class=\"translation-block\">Seniors: 48.6%.\nJuveniles: 35, 92%.\nInfantiles: 15, 62%.<\/p>\t\t\t\t\t\t\t\t<\/div>\n\t\t\t\t<\/div>\n\t\t\t\t<\/div>\n\t\t\t\t<\/div>\n\t\t\t\t<\/div>\n\t\t\t\t\t<\/div>\n\t\t\t\t<\/div>\n\t\t<div class=\"elementor-element elementor-element-c28c25d e-flex e-con-boxed e-con e-parent\" data-id=\"c28c25d\" data-element_type=\"container\" data-e-type=\"container\">\n\t\t\t\t\t<div class=\"e-con-inner\">\n\t\t\t\t<div class=\"elementor-element elementor-element-f3e737c elementor-widget elementor-widget-spacer\" data-id=\"f3e737c\" data-element_type=\"widget\" data-e-type=\"widget\" data-widget_type=\"spacer.default\">\n\t\t\t\t<div class=\"elementor-widget-container\">\n\t\t\t\t\t\t\t<div class=\"elementor-spacer\">\n\t\t\t<div class=\"elementor-spacer-inner\"><\/div>\n\t\t<\/div>\n\t\t\t\t\t\t<\/div>\n\t\t\t\t<\/div>\n\t\t\t\t\t<\/div>\n\t\t\t\t<\/div>\n\t\t<div class=\"elementor-element elementor-element-b164ba1 e-flex e-con-boxed e-con e-parent\" data-id=\"b164ba1\" data-element_type=\"container\" data-e-type=\"container\">\n\t\t\t\t\t<div class=\"e-con-inner\">\n\t\t\t\t<div class=\"elementor-element elementor-element-0c722da elementor-widget elementor-widget-spacer\" data-id=\"0c722da\" data-element_type=\"widget\" data-e-type=\"widget\" data-widget_type=\"spacer.default\">\n\t\t\t\t<div class=\"elementor-widget-container\">\n\t\t\t\t\t\t\t<div class=\"elementor-spacer\">\n\t\t\t<div class=\"elementor-spacer-inner\"><\/div>\n\t\t<\/div>\n\t\t\t\t\t\t<\/div>\n\t\t\t\t<\/div>\n\t\t\t\t\t<\/div>\n\t\t\t\t<\/div>\n\t\t\t\t<\/div>","protected":false},"excerpt":{"rendered":"<p>HOME FOR STUDENTS &amp; PROFESSIONALS FOR COMPANIES FOR UNIVERSITIES FOR [&hellip;]<\/p>\n","protected":false},"author":1,"featured_media":282,"parent":0,"menu_order":0,"comment_status":"closed","ping_status":"closed","template":"elementor_canvas","meta":{"footnotes":""},"class_list":["post-1461","page","type-page","status-publish","has-post-thumbnail","hentry"],"_links":{"self":[{"href":"https:\/\/futured.university\/es\/wp-json\/wp\/v2\/pages\/1461","targetHints":{"allow":["GET"]}}],"collection":[{"href":"https:\/\/futured.university\/es\/wp-json\/wp\/v2\/pages"}],"about":[{"href":"https:\/\/futured.university\/es\/wp-json\/wp\/v2\/types\/page"}],"author":[{"embeddable":true,"href":"https:\/\/futured.university\/es\/wp-json\/wp\/v2\/users\/1"}],"replies":[{"embeddable":true,"href":"https:\/\/futured.university\/es\/wp-json\/wp\/v2\/comments?post=1461"}],"version-history":[{"count":34,"href":"https:\/\/futured.university\/es\/wp-json\/wp\/v2\/pages\/1461\/revisions"}],"predecessor-version":[{"id":5506,"href":"https:\/\/futured.university\/es\/wp-json\/wp\/v2\/pages\/1461\/revisions\/5506"}],"wp:featuredmedia":[{"embeddable":true,"href":"https:\/\/futured.university\/es\/wp-json\/wp\/v2\/media\/282"}],"wp:attachment":[{"href":"https:\/\/futured.university\/es\/wp-json\/wp\/v2\/media?parent=1461"}],"curies":[{"name":"wp","href":"https:\/\/api.w.org\/{rel}","templated":true}]}}