{"id":4980,"date":"2026-02-24T02:05:24","date_gmt":"2026-02-24T02:05:24","guid":{"rendered":"https:\/\/futured.university\/?page_id=4980"},"modified":"2026-03-17T15:14:03","modified_gmt":"2026-03-17T15:14:03","slug":"membership","status":"publish","type":"page","link":"https:\/\/futured.university\/es\/membership\/","title":{"rendered":"MEMBERSHIP"},"content":{"rendered":"<div data-elementor-type=\"wp-page\" data-elementor-id=\"4980\" class=\"elementor elementor-4980\">\n\t\t\t\t<div class=\"elementor-element elementor-element-cdc38cc e-con-full e-flex e-con e-parent\" data-id=\"cdc38cc\" data-element_type=\"container\" data-e-type=\"container\">\n\t\t\t\t<div class=\"elementor-element elementor-element-9f84e22 elementor-widget elementor-widget-image\" data-id=\"9f84e22\" data-element_type=\"widget\" data-e-type=\"widget\" data-widget_type=\"image.default\">\n\t\t\t\t<div class=\"elementor-widget-container\">\n\t\t\t\t\t\t\t\t\t\t\t\t\t\t\t<img fetchpriority=\"high\" decoding=\"async\" width=\"640\" height=\"197\" src=\"https:\/\/futured.university\/wp-content\/uploads\/2025\/04\/cropped-Logos-en-Vectores-2025-19-1024x315.png\" class=\"attachment-large size-large wp-image-1180\" alt=\"\" srcset=\"https:\/\/futured.university\/wp-content\/uploads\/2025\/04\/cropped-Logos-en-Vectores-2025-19-1024x315.png 1024w, https:\/\/futured.university\/wp-content\/uploads\/2025\/04\/cropped-Logos-en-Vectores-2025-19-300x92.png 300w, https:\/\/futured.university\/wp-content\/uploads\/2025\/04\/cropped-Logos-en-Vectores-2025-19-768x236.png 768w, https:\/\/futured.university\/wp-content\/uploads\/2025\/04\/cropped-Logos-en-Vectores-2025-19-1536x472.png 1536w, https:\/\/futured.university\/wp-content\/uploads\/2025\/04\/cropped-Logos-en-Vectores-2025-19-2048x630.png 2048w, https:\/\/futured.university\/wp-content\/uploads\/2025\/04\/cropped-Logos-en-Vectores-2025-19-18x6.png 18w\" sizes=\"(max-width: 640px) 100vw, 640px\" \/>\t\t\t\t\t\t\t\t\t\t\t\t\t\t\t<\/div>\n\t\t\t\t<\/div>\n\t\t\t\t<\/div>\n\t\t<div class=\"elementor-element elementor-element-a8f20a5 e-con-full e-flex e-con e-parent\" data-id=\"a8f20a5\" data-element_type=\"container\" data-e-type=\"container\">\n\t\t<div class=\"elementor-element elementor-element-ac62d46 e-con-full e-flex e-con e-child\" data-id=\"ac62d46\" data-element_type=\"container\" data-e-type=\"container\" data-settings=\"{&quot;background_background&quot;:&quot;classic&quot;}\">\n\t\t<div class=\"elementor-element elementor-element-f20b217 e-con-full e-flex e-con e-child\" data-id=\"f20b217\" data-element_type=\"container\" data-e-type=\"container\">\n\t\t\t\t<div class=\"elementor-element elementor-element-bb0a5ed elementor-widget elementor-widget-ekit-nav-menu\" data-id=\"bb0a5ed\" data-element_type=\"widget\" data-e-type=\"widget\" data-widget_type=\"ekit-nav-menu.default\">\n\t\t\t\t<div class=\"elementor-widget-container\">\n\t\t\t\t\t\t\t<nav class=\"ekit-wid-con ekit_menu_responsive_tablet\"\n\t\t\tdata-hamburger-icon=\"icon icon-menu-button-of-three-horizontal-lines\"\n\t\t\tdata-hamburger-icon-type=\"icon\"\n\t\t\tdata-responsive-breakpoint=\"1024\">\n\t\t\t            <button class=\"elementskit-menu-hamburger elementskit-menu-toggler\"  type=\"button\" aria-label=\"hamburger-icon\">\n                <i aria-hidden=\"true\" class=\"ekit-menu-icon icon icon-menu-button-of-three-horizontal-lines\"><\/i>            <\/button>\n            <div id=\"ekit-megamenu-primary-menu\" class=\"elementskit-menu-container elementskit-menu-offcanvas-elements elementskit-navbar-nav-default ekit-nav-menu-one-page-no ekit-nav-dropdown-hover\"><ul id=\"menu-primary-menu\" class=\"elementskit-navbar-nav elementskit-menu-po-center submenu-click-on-icon\"><li id=\"menu-item-87\" class=\"menu-item menu-item-type-post_type menu-item-object-page menu-item-home menu-item-87 nav-item elementskit-mobile-builder-content\" data-vertical-menu=\"750px\"><a href=\"https:\/\/futured.university\/es\/\" class=\"ekit-menu-nav-link\">HOME<\/a><\/li>\n<li id=\"menu-item-539\" class=\"menu-item menu-item-type-post_type menu-item-object-page menu-item-539 nav-item elementskit-mobile-builder-content\" data-vertical-menu=\"750px\"><a href=\"https:\/\/futured.university\/es\/for-individuals\/\" class=\"ekit-menu-nav-link\">PARA ESTUDIANTES &amp; PROFESIONALES<\/a><\/li>\n<li id=\"menu-item-538\" class=\"menu-item menu-item-type-post_type menu-item-object-page menu-item-538 nav-item elementskit-mobile-builder-content\" data-vertical-menu=\"750px\"><a href=\"https:\/\/futured.university\/es\/for-companies\/\" class=\"ekit-menu-nav-link\">PARA COMPA\u00d1\u00cdAS<\/a><\/li>\n<li id=\"menu-item-540\" class=\"menu-item menu-item-type-post_type menu-item-object-page menu-item-540 nav-item elementskit-mobile-builder-content\" data-vertical-menu=\"750px\"><a href=\"https:\/\/futured.university\/es\/for-universities\/\" class=\"ekit-menu-nav-link\">PARA UNIVERSIDADES<\/a><\/li>\n<li id=\"menu-item-541\" class=\"menu-item menu-item-type-post_type menu-item-object-page menu-item-541 nav-item elementskit-mobile-builder-content\" data-vertical-menu=\"750px\"><a href=\"https:\/\/futured.university\/es\/for-governments\/\" class=\"ekit-menu-nav-link\">PARA GOBIERNOS<\/a><\/li>\n<\/ul><div class=\"elementskit-nav-identity-panel\"><a class=\"elementskit-nav-logo\" href=\"https:\/\/futured.university\/es\" target=\"\" rel=\"\"><img src=\"http:\/\/futured.university\/wp-content\/uploads\/2025\/02\/cropped-Logo-FuturED-1.png\" title=\"Logo FuturED\" alt=\"Logo FuturED\" decoding=\"async\" \/><\/a><button class=\"elementskit-menu-close elementskit-menu-toggler\" type=\"button\">X<\/button><\/div><\/div>\n\t\t\t<div class=\"elementskit-menu-overlay elementskit-menu-offcanvas-elements elementskit-menu-toggler ekit-nav-menu--overlay\"><\/div>        <\/nav>\n\t\t\t\t\t\t<\/div>\n\t\t\t\t<\/div>\n\t\t\t\t<\/div>\n\t\t<div class=\"elementor-element elementor-element-a86af13 e-con-full e-flex e-con e-child\" data-id=\"a86af13\" data-element_type=\"container\" data-e-type=\"container\">\n\t\t\t\t<div class=\"elementor-element elementor-element-fd63cd0 elementor-align-left elementor-widget elementor-widget-button\" data-id=\"fd63cd0\" data-element_type=\"widget\" data-e-type=\"widget\" data-widget_type=\"button.default\">\n\t\t\t\t<div class=\"elementor-widget-container\">\n\t\t\t\t\t\t\t\t\t<div class=\"elementor-button-wrapper\">\n\t\t\t\t\t<a class=\"elementor-button elementor-button-link elementor-size-sm\" href=\"mailto:info@futured.org.uk\">\n\t\t\t\t\t\t<span class=\"elementor-button-content-wrapper\">\n\t\t\t\t\t\t\t\t\t<span class=\"elementor-button-text\">CONT\u00c1CTANOS<\/span>\n\t\t\t\t\t<\/span>\n\t\t\t\t\t<\/a>\n\t\t\t\t<\/div>\n\t\t\t\t\t\t\t\t<\/div>\n\t\t\t\t<\/div>\n\t\t\t\t<\/div>\n\t\t\t\t<\/div>\n\t\t\t\t<\/div>\n\t\t<div class=\"elementor-element elementor-element-8de2029 e-flex e-con-boxed e-con e-parent\" data-id=\"8de2029\" data-element_type=\"container\" data-e-type=\"container\" data-settings=\"{&quot;background_background&quot;:&quot;classic&quot;,&quot;shape_divider_bottom&quot;:&quot;mountains&quot;}\">\n\t\t\t\t\t<div class=\"e-con-inner\">\n\t\t\t\t<div class=\"elementor-shape elementor-shape-bottom\" aria-hidden=\"true\" data-negative=\"false\">\n\t\t\t<svg xmlns=\"http:\/\/www.w3.org\/2000\/svg\" viewbox=\"0 0 1000 100\" preserveaspectratio=\"none\">\n\t<path class=\"elementor-shape-fill\" opacity=\"0.33\" d=\"M473,67.3c-203.9,88.3-263.1-34-320.3,0C66,119.1,0,59.7,0,59.7V0h1000v59.7 c0,0-62.1,26.1-94.9,29.3c-32.8,3.3-62.8-12.3-75.8-22.1C806,49.6,745.3,8.7,694.9,4.7S492.4,59,473,67.3z\"\/>\n\t<path class=\"elementor-shape-fill\" opacity=\"0.66\" d=\"M734,67.3c-45.5,0-77.2-23.2-129.1-39.1c-28.6-8.7-150.3-10.1-254,39.1 s-91.7-34.4-149.2,0C115.7,118.3,0,39.8,0,39.8V0h1000v36.5c0,0-28.2-18.5-92.1-18.5C810.2,18.1,775.7,67.3,734,67.3z\"\/>\n\t<path class=\"elementor-shape-fill\" d=\"M766.1,28.9c-200-57.5-266,65.5-395.1,19.5C242,1.8,242,5.4,184.8,20.6C128,35.8,132.3,44.9,89.9,52.5C28.6,63.7,0,0,0,0 h1000c0,0-9.9,40.9-83.6,48.1S829.6,47,766.1,28.9z\"\/>\n<\/svg>\t\t<\/div>\n\t\t\t\t<div class=\"elementor-element elementor-element-41e4750 elementor-widget elementor-widget-elementskit-heading\" data-id=\"41e4750\" data-element_type=\"widget\" data-e-type=\"widget\" data-widget_type=\"elementskit-heading.default\">\n\t\t\t\t<div class=\"elementor-widget-container\">\n\t\t\t\t\t<div class=\"ekit-wid-con\" ><div class=\"ekit-heading elementskit-section-title-wraper text_center   ekit_heading_tablet-   ekit_heading_mobile-\"><h2 class=\"ekit-heading--title elementskit-section-title\">\u00danete a The FuturED Institute<\/h2><\/div><\/div>\t\t\t\t<\/div>\n\t\t\t\t<\/div>\n\t\t\t\t<div class=\"elementor-element elementor-element-4cd0997 elementor-widget__width-initial elementor-widget elementor-widget-text-editor\" data-id=\"4cd0997\" data-element_type=\"widget\" data-e-type=\"widget\" data-widget_type=\"text-editor.default\">\n\t\t\t\t<div class=\"elementor-widget-container\">\n\t\t\t\t\t\t\t\t\t<p><b>Acceso Global a Educaci\u00f3n, Innovaci\u00f3n y Experiencia Internacional<\/b><\/p>\t\t\t\t\t\t\t\t<\/div>\n\t\t\t\t<\/div>\n\t\t\t\t\t<\/div>\n\t\t\t\t<\/div>\n\t\t<div class=\"elementor-element elementor-element-617b096 e-flex e-con-boxed e-con e-parent\" data-id=\"617b096\" data-element_type=\"container\" data-e-type=\"container\">\n\t\t\t\t\t<div class=\"e-con-inner\">\n\t\t\t\t<div class=\"elementor-element elementor-element-c380318 elementor-widget__width-initial elementor-widget elementor-widget-text-editor\" data-id=\"c380318\" data-element_type=\"widget\" data-e-type=\"widget\" data-widget_type=\"text-editor.default\">\n\t\t\t\t<div class=\"elementor-widget-container\">\n\t\t\t\t\t\t\t\t\t<p data-start=\"557\" data-end=\"850\">La educaci\u00f3n evoluciona a gran velocidad. Las nuevas tecnolog\u00edas, las expectativas cambiantes de los estudiantes y las prioridades globales est\u00e1n transformando la forma en que se crea, se comparte y se aplica el conocimiento. Quienes lideran esta transformaci\u00f3n buscan impulsar modelos educativos m\u00e1s innovadores, equitativos y con impacto global.<\/p><p data-start=\"852\" data-end=\"1073\" class=\"translation-block\">La Membres\u00eda Global del Instituto FuturED ofrece una forma sencilla y accesible de integrarse a un ecosistema internacional de educaci\u00f3n ejecutiva, certificaciones profesionales y programas globales, con proyecci\u00f3n acad\u00e9mica y alcance internacional.<\/p><p data-start=\"1075\" data-end=\"1234\" class=\"translation-block\">Por 99 USD al a\u00f1o, los miembros acceden a beneficios preferenciales, oportunidades prioritarias y reconocimiento internacional dentro del ecosistema global del Instituto FuturED<\/p>\t\t\t\t\t\t\t\t<\/div>\n\t\t\t\t<\/div>\n\t\t\t\t\t<\/div>\n\t\t\t\t<\/div>\n\t\t<div class=\"elementor-element elementor-element-72c2f54 e-con-full e-flex e-con e-parent\" data-id=\"72c2f54\" data-element_type=\"container\" data-e-type=\"container\" data-settings=\"{&quot;shape_divider_top&quot;:&quot;mountains&quot;}\">\n\t\t\t\t<div class=\"elementor-shape elementor-shape-top\" aria-hidden=\"true\" data-negative=\"false\">\n\t\t\t<svg xmlns=\"http:\/\/www.w3.org\/2000\/svg\" viewbox=\"0 0 1000 100\" preserveaspectratio=\"none\">\n\t<path class=\"elementor-shape-fill\" opacity=\"0.33\" d=\"M473,67.3c-203.9,88.3-263.1-34-320.3,0C66,119.1,0,59.7,0,59.7V0h1000v59.7 c0,0-62.1,26.1-94.9,29.3c-32.8,3.3-62.8-12.3-75.8-22.1C806,49.6,745.3,8.7,694.9,4.7S492.4,59,473,67.3z\"\/>\n\t<path class=\"elementor-shape-fill\" opacity=\"0.66\" d=\"M734,67.3c-45.5,0-77.2-23.2-129.1-39.1c-28.6-8.7-150.3-10.1-254,39.1 s-91.7-34.4-149.2,0C115.7,118.3,0,39.8,0,39.8V0h1000v36.5c0,0-28.2-18.5-92.1-18.5C810.2,18.1,775.7,67.3,734,67.3z\"\/>\n\t<path class=\"elementor-shape-fill\" d=\"M766.1,28.9c-200-57.5-266,65.5-395.1,19.5C242,1.8,242,5.4,184.8,20.6C128,35.8,132.3,44.9,89.9,52.5C28.6,63.7,0,0,0,0 h1000c0,0-9.9,40.9-83.6,48.1S829.6,47,766.1,28.9z\"\/>\n<\/svg>\t\t<\/div>\n\t\t\t\t<\/div>\n\t\t<div class=\"elementor-element elementor-element-f192b6b e-flex e-con-boxed e-con e-parent\" data-id=\"f192b6b\" data-element_type=\"container\" data-e-type=\"container\">\n\t\t\t\t\t<div class=\"e-con-inner\">\n\t\t<div class=\"elementor-element elementor-element-afb8ea9 e-con-full e-flex e-con e-child\" data-id=\"afb8ea9\" data-element_type=\"container\" data-e-type=\"container\" data-settings=\"{&quot;background_background&quot;:&quot;classic&quot;}\">\n\t\t<div class=\"elementor-element elementor-element-74c68c6 e-con-full e-flex e-con e-child\" data-id=\"74c68c6\" data-element_type=\"container\" data-e-type=\"container\">\n\t\t\t\t<div class=\"elementor-element elementor-element-f184fd6 elementor-widget elementor-widget-elementskit-heading\" data-id=\"f184fd6\" data-element_type=\"widget\" data-e-type=\"widget\" data-widget_type=\"elementskit-heading.default\">\n\t\t\t\t<div class=\"elementor-widget-container\">\n\t\t\t\t\t<div class=\"ekit-wid-con\" ><div class=\"ekit-heading elementskit-section-title-wraper text_left   ekit_heading_tablet-   ekit_heading_mobile-text_center\"><h3 class=\"ekit-heading--title elementskit-section-title\">What do you receive as a Member?<\/h3><\/div><\/div>\t\t\t\t<\/div>\n\t\t\t\t<\/div>\n\t\t\t\t<div class=\"elementor-element elementor-element-b1a62d6 elementor-widget__width-initial elementor-widget elementor-widget-text-editor\" data-id=\"b1a62d6\" data-element_type=\"widget\" data-e-type=\"widget\" data-widget_type=\"text-editor.default\">\n\t\t\t\t<div class=\"elementor-widget-container\">\n\t\t\t\t\t\t\t\t\t<ul style=\"padding-left: 20px; margin: 0;\"><li style=\"font-weight: 400; margin-bottom: 12px;\" aria-level=\"1\"><span style=\"font-weight: 400;\">Descuentos exclusivos en cursos, masterclasses, certificaciones y programas internacionales.<br \/><\/span><\/li><li style=\"font-weight: 400; margin-bottom: 12px;\" aria-level=\"1\"><span style=\"font-weight: 400;\">Acceso prioritario a nuevos lanzamientos, grupos piloto e iniciativas con capacidad limitada.<br \/><\/span><\/li><li style=\"font-weight: 400; margin-bottom: 12px;\" aria-level=\"1\"><span style=\"font-weight: 400;\">Acceso a un centro de conocimiento exclusivo con informes, an\u00e1lisis y contenido ejecutivo.<br \/><\/span><\/li><li style=\"font-weight: 400; margin-bottom: 12px;\" aria-level=\"1\"><span style=\"font-weight: 400;\">Certificado de membres\u00eda digital y la designaci\u00f3n:<\/span><br \/><b>\"Miembro del Instituto FuturED\"<\/b><\/li><li style=\"font-weight: 400;\"><span style=\"font-weight: 400;\">Alcance global, participaci\u00f3n flexible y sin compromisos a largo plazo.<br \/><\/span><\/li><\/ul>\t\t\t\t\t\t\t\t<\/div>\n\t\t\t\t<\/div>\n\t\t\t\t<\/div>\n\t\t<div class=\"elementor-element elementor-element-d0b6bd3 e-con-full e-flex e-con e-child\" data-id=\"d0b6bd3\" data-element_type=\"container\" data-e-type=\"container\">\n\t\t\t\t<div class=\"elementor-element elementor-element-1897ce5 elementor-widget elementor-widget-elementskit-heading\" data-id=\"1897ce5\" data-element_type=\"widget\" data-e-type=\"widget\" data-widget_type=\"elementskit-heading.default\">\n\t\t\t\t<div class=\"elementor-widget-container\">\n\t\t\t\t\t<div class=\"ekit-wid-con\" ><div class=\"ekit-heading elementskit-section-title-wraper text_left   ekit_heading_tablet-   ekit_heading_mobile-text_center\"><h3 class=\"ekit-heading--title elementskit-section-title\">\u00bfA qui\u00e9n est\u00e1 dirigida?<\/h3><\/div><\/div>\t\t\t\t<\/div>\n\t\t\t\t<\/div>\n\t\t\t\t<div class=\"elementor-element elementor-element-ced2049 elementor-widget__width-initial elementor-widget elementor-widget-text-editor\" data-id=\"ced2049\" data-element_type=\"widget\" data-e-type=\"widget\" data-widget_type=\"text-editor.default\">\n\t\t\t\t<div class=\"elementor-widget-container\">\n\t\t\t\t\t\t\t\t\t<ul style=\"padding-left:20px; margin:0;\">\n  <li style=\"font-weight:400; margin-bottom:12px;\" aria-level=\"1\" class=\"translation-block\">Estudiantes y profesionales en etapa inicial que desean fortalecer su proyecci\u00f3n internacional<\/li>\n\n  <li style=\"font-weight:400; margin-bottom:12px;\" aria-level=\"1\" class=\"translation-block\">Profesionales y ejecutivos comprometidos con el desarrollo continuo.<\/li>\n\n  <li style=\"font-weight:400; margin-bottom:12px;\" aria-level=\"1\" class=\"translation-block\">Empresas y organizaciones que invierten en el desarrollo de talento de manera estrat\u00e9gica y costo-efectiva.<\/li>\n\n  <li style=\"font-weight:400; margin-bottom:12px;\" aria-level=\"1\" class=\"translation-block\">Universidades interesadas en colaboraci\u00f3n acad\u00e9mica e innovaci\u00f3n internacional.<\/li>\n\n  <li style=\"font-weight:400;\" class=\"translation-block\">Gobiernos e instituciones p\u00fablicas que fortalecen la capacidad y la experiencia a nivel mundial<\/li>\n<\/ul>\t\t\t\t\t\t\t\t<\/div>\n\t\t\t\t<\/div>\n\t\t\t\t<\/div>\n\t\t\t\t<\/div>\n\t\t<div class=\"elementor-element elementor-element-122e18f e-con-full e-flex e-con e-child\" data-id=\"122e18f\" data-element_type=\"container\" data-e-type=\"container\" data-settings=\"{&quot;background_background&quot;:&quot;classic&quot;}\">\n\t\t<div class=\"elementor-element elementor-element-693a527 e-con-full e-flex e-con e-child\" data-id=\"693a527\" data-element_type=\"container\" data-e-type=\"container\">\n\t\t\t\t<div class=\"elementor-element elementor-element-3147c91 elementor-widget__width-initial elementor-widget elementor-widget-image\" data-id=\"3147c91\" data-element_type=\"widget\" data-e-type=\"widget\" data-widget_type=\"image.default\">\n\t\t\t\t<div class=\"elementor-widget-container\">\n\t\t\t\t\t\t\t\t\t\t\t\t\t\t\t<img decoding=\"async\" width=\"640\" height=\"480\" src=\"https:\/\/futured.university\/wp-content\/uploads\/2026\/02\/Roundtable-3-1024x768.jpg\" class=\"attachment-large size-large wp-image-4986\" alt=\"\" srcset=\"https:\/\/futured.university\/wp-content\/uploads\/2026\/02\/Roundtable-3-1024x768.jpg 1024w, https:\/\/futured.university\/wp-content\/uploads\/2026\/02\/Roundtable-3-300x225.jpg 300w, https:\/\/futured.university\/wp-content\/uploads\/2026\/02\/Roundtable-3-768x576.jpg 768w, https:\/\/futured.university\/wp-content\/uploads\/2026\/02\/Roundtable-3-1536x1152.jpg 1536w, https:\/\/futured.university\/wp-content\/uploads\/2026\/02\/Roundtable-3-16x12.jpg 16w, https:\/\/futured.university\/wp-content\/uploads\/2026\/02\/Roundtable-3.jpg 1600w\" sizes=\"(max-width: 640px) 100vw, 640px\" \/>\t\t\t\t\t\t\t\t\t\t\t\t\t\t\t<\/div>\n\t\t\t\t<\/div>\n\t\t\t\t<\/div>\n\t\t<div class=\"elementor-element elementor-element-8893da8 e-con-full e-flex e-con e-child\" data-id=\"8893da8\" data-element_type=\"container\" data-e-type=\"container\">\n\t\t\t\t<div class=\"elementor-element elementor-element-f8ef820 elementor-widget__width-initial elementor-widget elementor-widget-text-editor\" data-id=\"f8ef820\" data-element_type=\"widget\" data-e-type=\"widget\" data-widget_type=\"text-editor.default\">\n\t\t\t\t<div class=\"elementor-widget-container\">\n\t\t\t\t\t\t\t\t\t<div style=\"text-align: center; padding: 40px 20px;\"><h2 style=\"font-family: 'Roboto Flex', sans-serif; font-size: 26px; font-weight: 500; line-height: 1.2; color: #6dc3ef; margin: 0 0 10px 0;\">\u00danete a la comunidad global de The FuturED Institute<\/h2><p style=\"font-family: 'Roboto Flex', sans-serif; font-size: 18px; font-weight: 500; color: #6dc3ef; margin: 0 0 18px 0;\">Una membres\u00eda. M\u00faltiples caminos. Alcance global.<\/p><p style=\"font-family: 'Quicksand', sans-serif; font-size: 15px; font-weight: 500; line-height: 30px; margin: 0 0 28px 0;\">Forma parte de una red internacional comprometida con la transformaci\u00f3n de la educaci\u00f3n superior y el desarrollo sostenible.<\/p><p><a style=\"display: inline-block; background-color: #6dc3ef; color: #ffffff; font-family: 'Roboto Flex', sans-serif; font-size: 15px; font-weight: 600; padding: 12px 28px; border-radius: 30px; text-decoration: none;\" href=\"mailto: learning@futured.org.uk\">Accede a tu Membres\u00eda FuturED hoy mismo<br \/><\/a><\/p><\/div>\t\t\t\t\t\t\t\t<\/div>\n\t\t\t\t<\/div>\n\t\t\t\t<\/div>\n\t\t\t\t<\/div>\n\t\t\t\t\t<\/div>\n\t\t\t\t<\/div>\n\t\t<div class=\"elementor-element elementor-element-4d86d1a e-flex e-con-boxed e-con e-parent\" data-id=\"4d86d1a\" data-element_type=\"container\" data-e-type=\"container\">\n\t\t\t\t\t<div class=\"e-con-inner\">\n\t\t\t\t<div class=\"elementor-element elementor-element-0f55874 elementor-widget elementor-widget-spacer\" data-id=\"0f55874\" data-element_type=\"widget\" data-e-type=\"widget\" data-widget_type=\"spacer.default\">\n\t\t\t\t<div class=\"elementor-widget-container\">\n\t\t\t\t\t\t\t<div class=\"elementor-spacer\">\n\t\t\t<div class=\"elementor-spacer-inner\"><\/div>\n\t\t<\/div>\n\t\t\t\t\t\t<\/div>\n\t\t\t\t<\/div>\n\t\t\t\t<div class=\"elementor-element elementor-element-632cb07 elementor-widget__width-initial elementor-widget elementor-widget-text-editor\" data-id=\"632cb07\" data-element_type=\"widget\" data-e-type=\"widget\" data-widget_type=\"text-editor.default\">\n\t\t\t\t<div class=\"elementor-widget-container\">\n\t\t\t\t\t\t\t\t\t<div style=\"text-align: center; padding: 30px 20px;\"><h3 style=\"font-family: 'Roboto Flex', sans-serif; font-size: 23px; font-weight: 500; line-height: 1.2; color: #6dc3ef; margin: 0 0 10px 0;\">Membres\u00eda Anual<\/h3><p style=\"font-family: 'Roboto Flex', sans-serif; font-size: 32px; font-weight: 600; color: #6dc3ef; margin: 0 0 12px 0;\">99 USD por a\u00f1o<\/p><p style=\"font-family: 'Quicksand', sans-serif; font-size: 15px; font-weight: 500; line-height: 30px; margin: 0;\">Transparente. Accesible. Proyecci\u00f3n internacional. Integraci\u00f3n global.<\/p><\/div>\t\t\t\t\t\t\t\t<\/div>\n\t\t\t\t<\/div>\n\t\t\t\t\t<\/div>\n\t\t\t\t<\/div>\n\t\t\t\t<\/div>","protected":false},"excerpt":{"rendered":"<p>HOME FOR STUDENTS &amp; PROFESSIONALS FOR COMPANIES FOR UNIVERSITIES FOR [&hellip;]<\/p>\n","protected":false},"author":1,"featured_media":0,"parent":0,"menu_order":0,"comment_status":"closed","ping_status":"closed","template":"elementor_canvas","meta":{"footnotes":""},"class_list":["post-4980","page","type-page","status-publish","hentry"],"_links":{"self":[{"href":"https:\/\/futured.university\/es\/wp-json\/wp\/v2\/pages\/4980","targetHints":{"allow":["GET"]}}],"collection":[{"href":"https:\/\/futured.university\/es\/wp-json\/wp\/v2\/pages"}],"about":[{"href":"https:\/\/futured.university\/es\/wp-json\/wp\/v2\/types\/page"}],"author":[{"embeddable":true,"href":"https:\/\/futured.university\/es\/wp-json\/wp\/v2\/users\/1"}],"replies":[{"embeddable":true,"href":"https:\/\/futured.university\/es\/wp-json\/wp\/v2\/comments?post=4980"}],"version-history":[{"count":32,"href":"https:\/\/futured.university\/es\/wp-json\/wp\/v2\/pages\/4980\/revisions"}],"predecessor-version":[{"id":5264,"href":"https:\/\/futured.university\/es\/wp-json\/wp\/v2\/pages\/4980\/revisions\/5264"}],"wp:attachment":[{"href":"https:\/\/futured.university\/es\/wp-json\/wp\/v2\/media?parent=4980"}],"curies":[{"name":"wp","href":"https:\/\/api.w.org\/{rel}","templated":true}]}}